{"id":5040,"date":"2022-06-24T06:55:24","date_gmt":"2022-06-24T05:55:24","guid":{"rendered":"https:\/\/conference.cobiss.net\/conf2022\/?page_id=5040"},"modified":"2022-08-11T12:21:30","modified_gmt":"2022-08-11T11:21:30","slug":"board","status":"publish","type":"page","link":"https:\/\/conference.cobiss.net\/conf2022\/index.php\/en\/board\/","title":{"rendered":"Board"},"content":{"rendered":"\t\t<div data-elementor-type=\"wp-page\" data-elementor-id=\"5040\" class=\"elementor elementor-5040\" data-elementor-post-type=\"page\">\n\t\t\t\t\t\t<section class=\"elementor-section elementor-top-section elementor-element elementor-element-4814029 elementor-section-boxed elementor-section-height-default elementor-section-height-default\" data-id=\"4814029\" data-element_type=\"section\" data-settings=\"{&quot;shape_divider_top&quot;:&quot;split&quot;,&quot;shape_divider_bottom&quot;:&quot;split&quot;}\">\n\t\t\t\t\t\t\t<div class=\"elementor-background-overlay\"><\/div>\n\t\t\t\t\t\t<div class=\"elementor-shape elementor-shape-top\" aria-hidden=\"true\" data-negative=\"false\">\n\t\t\t<svg xmlns=\"http:\/\/www.w3.org\/2000\/svg\" viewBox=\"0 0 1000 20\" preserveAspectRatio=\"none\">\n\t<path class=\"elementor-shape-fill\" d=\"M0,0v3c0,0,393.8,0,483.4,0c9.2,0,16.6,7.4,16.6,16.6c0-9.1,7.4-16.6,16.6-16.6C606.2,3,1000,3,1000,3V0H0z\"\/>\n<\/svg>\t\t<\/div>\n\t\t\t\t<div class=\"elementor-shape elementor-shape-bottom\" aria-hidden=\"true\" data-negative=\"false\">\n\t\t\t<svg xmlns=\"http:\/\/www.w3.org\/2000\/svg\" viewBox=\"0 0 1000 20\" preserveAspectRatio=\"none\">\n\t<path class=\"elementor-shape-fill\" d=\"M0,0v3c0,0,393.8,0,483.4,0c9.2,0,16.6,7.4,16.6,16.6c0-9.1,7.4-16.6,16.6-16.6C606.2,3,1000,3,1000,3V0H0z\"\/>\n<\/svg>\t\t<\/div>\n\t\t\t\t\t<div class=\"elementor-container elementor-column-gap-default\">\n\t\t\t\t\t<div class=\"elementor-column elementor-col-50 elementor-top-column elementor-element elementor-element-117a6c4\" data-id=\"117a6c4\" data-element_type=\"column\">\n\t\t\t<div class=\"elementor-widget-wrap elementor-element-populated\">\n\t\t\t\t\t\t<div class=\"elementor-element elementor-element-5524dcc elementor-widget elementor-widget-icon-box\" data-id=\"5524dcc\" data-element_type=\"widget\" data-widget_type=\"icon-box.default\">\n\t\t\t\t<div class=\"elementor-widget-container\">\n\t\t\t\t\t\t\t<div class=\"elementor-icon-box-wrapper\">\n\n\t\t\t\n\t\t\t\t\t\t<div class=\"elementor-icon-box-content\">\n\n\t\t\t\t\t\t\t\t\t<h3 class=\"elementor-icon-box-title\">\n\t\t\t\t\t\t<span  >\n\t\t\t\t\t\t\tProgram Committee\t\t\t\t\t\t<\/span>\n\t\t\t\t\t<\/h3>\n\t\t\t\t\n\t\t\t\t\n\t\t\t<\/div>\n\t\t\t\n\t\t<\/div>\n\t\t\t\t\t\t<\/div>\n\t\t\t\t<\/div>\n\t\t\t\t<div class=\"elementor-element elementor-element-aacc5c2 elementor-align-start elementor-icon-list--layout-traditional elementor-list-item-link-full_width elementor-widget elementor-widget-icon-list\" data-id=\"aacc5c2\" data-element_type=\"widget\" data-widget_type=\"icon-list.default\">\n\t\t\t\t<div class=\"elementor-widget-container\">\n\t\t\t\t\t\t\t<ul class=\"elementor-icon-list-items\">\n\t\t\t\t\t\t\t<li class=\"elementor-icon-list-item\">\n\t\t\t\t\t\t\t\t\t\t\t<span class=\"elementor-icon-list-icon\">\n\t\t\t\t\t\t\t<i aria-hidden=\"true\" class=\"fas fa-dot-circle\"><\/i>\t\t\t\t\t\t<\/span>\n\t\t\t\t\t\t\t\t\t\t<span class=\"elementor-icon-list-text\">Dr. Ema Dornik (president)<\/span>\n\t\t\t\t\t\t\t\t\t<\/li>\n\t\t\t\t\t\t\t\t<li class=\"elementor-icon-list-item\">\n\t\t\t\t\t\t\t\t\t\t\t<span class=\"elementor-icon-list-icon\">\n\t\t\t\t\t\t\t<i aria-hidden=\"true\" class=\"fas fa-dot-circle\"><\/i>\t\t\t\t\t\t<\/span>\n\t\t\t\t\t\t\t\t\t\t<span class=\"elementor-icon-list-text\">Mag. Davor Bra\u010dko<\/span>\n\t\t\t\t\t\t\t\t\t<\/li>\n\t\t\t\t\t\t\t\t<li class=\"elementor-icon-list-item\">\n\t\t\t\t\t\t\t\t\t\t\t<span class=\"elementor-icon-list-icon\">\n\t\t\t\t\t\t\t<i aria-hidden=\"true\" class=\"fas fa-dot-circle\"><\/i>\t\t\t\t\t\t<\/span>\n\t\t\t\t\t\t\t\t\t\t<span class=\"elementor-icon-list-text\">Breda Emer\u0161i\u010d<\/span>\n\t\t\t\t\t\t\t\t\t<\/li>\n\t\t\t\t\t\t\t\t<li class=\"elementor-icon-list-item\">\n\t\t\t\t\t\t\t\t\t\t\t<span class=\"elementor-icon-list-icon\">\n\t\t\t\t\t\t\t<i aria-hidden=\"true\" class=\"fas fa-dot-circle\"><\/i>\t\t\t\t\t\t<\/span>\n\t\t\t\t\t\t\t\t\t\t<span class=\"elementor-icon-list-text\">Branko Kurnjek<\/span>\n\t\t\t\t\t\t\t\t\t<\/li>\n\t\t\t\t\t\t\t\t<li class=\"elementor-icon-list-item\">\n\t\t\t\t\t\t\t\t\t\t\t<span class=\"elementor-icon-list-icon\">\n\t\t\t\t\t\t\t<i aria-hidden=\"true\" class=\"fas fa-dot-circle\"><\/i>\t\t\t\t\t\t<\/span>\n\t\t\t\t\t\t\t\t\t\t<span class=\"elementor-icon-list-text\">Romana Muhvi\u010d \u0160umandl<\/span>\n\t\t\t\t\t\t\t\t\t<\/li>\n\t\t\t\t\t\t\t\t<li class=\"elementor-icon-list-item\">\n\t\t\t\t\t\t\t\t\t\t\t<span class=\"elementor-icon-list-icon\">\n\t\t\t\t\t\t\t<i aria-hidden=\"true\" class=\"fas fa-dot-circle\"><\/i>\t\t\t\t\t\t<\/span>\n\t\t\t\t\t\t\t\t\t\t<span class=\"elementor-icon-list-text\">Miran Petek<\/span>\n\t\t\t\t\t\t\t\t\t<\/li>\n\t\t\t\t\t\t\t\t<li class=\"elementor-icon-list-item\">\n\t\t\t\t\t\t\t\t\t\t\t<span class=\"elementor-icon-list-icon\">\n\t\t\t\t\t\t\t<i aria-hidden=\"true\" class=\"fas fa-dot-circle\"><\/i>\t\t\t\t\t\t<\/span>\n\t\t\t\t\t\t\t\t\t\t<span class=\"elementor-icon-list-text\">Domen \u0160etar<\/span>\n\t\t\t\t\t\t\t\t\t<\/li>\n\t\t\t\t\t\t\t\t<li class=\"elementor-icon-list-item\">\n\t\t\t\t\t\t\t\t\t\t\t<span class=\"elementor-icon-list-icon\">\n\t\t\t\t\t\t\t<i aria-hidden=\"true\" class=\"fas fa-dot-circle\"><\/i>\t\t\t\t\t\t<\/span>\n\t\t\t\t\t\t\t\t\t\t<span class=\"elementor-icon-list-text\">Davor \u0160o\u0161tari\u010d<\/span>\n\t\t\t\t\t\t\t\t\t<\/li>\n\t\t\t\t\t\t\t\t<li class=\"elementor-icon-list-item\">\n\t\t\t\t\t\t\t\t\t\t\t<span class=\"elementor-icon-list-icon\">\n\t\t\t\t\t\t\t<i aria-hidden=\"true\" class=\"fas fa-dot-circle\"><\/i>\t\t\t\t\t\t<\/span>\n\t\t\t\t\t\t\t\t\t\t<span class=\"elementor-icon-list-text\">Tanja Tur\u0161ek<\/span>\n\t\t\t\t\t\t\t\t\t<\/li>\n\t\t\t\t\t\t\t\t<li class=\"elementor-icon-list-item\">\n\t\t\t\t\t\t\t\t\t\t\t<span class=\"elementor-icon-list-icon\">\n\t\t\t\t\t\t\t<i aria-hidden=\"true\" class=\"fas fa-dot-circle\"><\/i>\t\t\t\t\t\t<\/span>\n\t\t\t\t\t\t\t\t\t\t<span class=\"elementor-icon-list-text\">Tatjana \u017dnidarec<\/span>\n\t\t\t\t\t\t\t\t\t<\/li>\n\t\t\t\t\t\t<\/ul>\n\t\t\t\t\t\t<\/div>\n\t\t\t\t<\/div>\n\t\t\t\t\t<\/div>\n\t\t<\/div>\n\t\t\t\t<div class=\"elementor-column elementor-col-50 elementor-top-column elementor-element elementor-element-f934f74\" data-id=\"f934f74\" data-element_type=\"column\">\n\t\t\t<div class=\"elementor-widget-wrap elementor-element-populated\">\n\t\t\t\t\t\t<div class=\"elementor-element elementor-element-d32ac43 elementor-widget elementor-widget-icon-box\" data-id=\"d32ac43\" data-element_type=\"widget\" data-widget_type=\"icon-box.default\">\n\t\t\t\t<div class=\"elementor-widget-container\">\n\t\t\t\t\t\t\t<div class=\"elementor-icon-box-wrapper\">\n\n\t\t\t\n\t\t\t\t\t\t<div class=\"elementor-icon-box-content\">\n\n\t\t\t\t\t\t\t\t\t<h3 class=\"elementor-icon-box-title\">\n\t\t\t\t\t\t<span  >\n\t\t\t\t\t\t\tOrganising Committee\t\t\t\t\t\t<\/span>\n\t\t\t\t\t<\/h3>\n\t\t\t\t\n\t\t\t\t\n\t\t\t<\/div>\n\t\t\t\n\t\t<\/div>\n\t\t\t\t\t\t<\/div>\n\t\t\t\t<\/div>\n\t\t\t\t<div class=\"elementor-element elementor-element-a28b60e elementor-align-start elementor-list-item-link-full_width elementor-widget elementor-widget-icon-list\" data-id=\"a28b60e\" data-element_type=\"widget\" data-widget_type=\"icon-list.default\">\n\t\t\t\t<div class=\"elementor-widget-container\">\n\t\t\t\t\t\t\t<ul class=\"elementor-icon-list-items\">\n\t\t\t\t\t\t\t<li class=\"elementor-icon-list-item\">\n\t\t\t\t\t\t\t\t\t\t\t<span class=\"elementor-icon-list-icon\">\n\t\t\t\t\t\t\t<i aria-hidden=\"true\" class=\"fas fa-dot-circle\"><\/i>\t\t\t\t\t\t<\/span>\n\t\t\t\t\t\t\t\t\t\t<span class=\"elementor-icon-list-text\">Breda Emer\u0161i\u010d (president)<\/span>\n\t\t\t\t\t\t\t\t\t<\/li>\n\t\t\t\t\t\t\t\t<li class=\"elementor-icon-list-item\">\n\t\t\t\t\t\t\t\t\t\t\t<span class=\"elementor-icon-list-icon\">\n\t\t\t\t\t\t\t<i aria-hidden=\"true\" class=\"fas fa-dot-circle\"><\/i>\t\t\t\t\t\t<\/span>\n\t\t\t\t\t\t\t\t\t\t<span class=\"elementor-icon-list-text\">Mag. Metka Bakan Toplak<\/span>\n\t\t\t\t\t\t\t\t\t<\/li>\n\t\t\t\t\t\t\t\t<li class=\"elementor-icon-list-item\">\n\t\t\t\t\t\t\t\t\t\t\t<span class=\"elementor-icon-list-icon\">\n\t\t\t\t\t\t\t<i aria-hidden=\"true\" class=\"fas fa-dot-circle\"><\/i>\t\t\t\t\t\t<\/span>\n\t\t\t\t\t\t\t\t\t\t<span class=\"elementor-icon-list-text\">Bo\u0161tjan Bati\u010d<\/span>\n\t\t\t\t\t\t\t\t\t<\/li>\n\t\t\t\t\t\t\t\t<li class=\"elementor-icon-list-item\">\n\t\t\t\t\t\t\t\t\t\t\t<span class=\"elementor-icon-list-icon\">\n\t\t\t\t\t\t\t<i aria-hidden=\"true\" class=\"fas fa-dot-circle\"><\/i>\t\t\t\t\t\t<\/span>\n\t\t\t\t\t\t\t\t\t\t<span class=\"elementor-icon-list-text\">Mag. Davor Bra\u010dko<\/span>\n\t\t\t\t\t\t\t\t\t<\/li>\n\t\t\t\t\t\t\t\t<li class=\"elementor-icon-list-item\">\n\t\t\t\t\t\t\t\t\t\t\t<span class=\"elementor-icon-list-icon\">\n\t\t\t\t\t\t\t<i aria-hidden=\"true\" class=\"fas fa-dot-circle\"><\/i>\t\t\t\t\t\t<\/span>\n\t\t\t\t\t\t\t\t\t\t<span class=\"elementor-icon-list-text\">Petra Bridges<\/span>\n\t\t\t\t\t\t\t\t\t<\/li>\n\t\t\t\t\t\t\t\t<li class=\"elementor-icon-list-item\">\n\t\t\t\t\t\t\t\t\t\t\t<span class=\"elementor-icon-list-icon\">\n\t\t\t\t\t\t\t<i aria-hidden=\"true\" class=\"fas fa-dot-circle\"><\/i>\t\t\t\t\t\t<\/span>\n\t\t\t\t\t\t\t\t\t\t<span class=\"elementor-icon-list-text\">Miha Daj\u010dman<\/span>\n\t\t\t\t\t\t\t\t\t<\/li>\n\t\t\t\t\t\t\t\t<li class=\"elementor-icon-list-item\">\n\t\t\t\t\t\t\t\t\t\t\t<span class=\"elementor-icon-list-icon\">\n\t\t\t\t\t\t\t<i aria-hidden=\"true\" class=\"fas fa-dot-circle\"><\/i>\t\t\t\t\t\t<\/span>\n\t\t\t\t\t\t\t\t\t\t<span class=\"elementor-icon-list-text\">Marko Kralj<\/span>\n\t\t\t\t\t\t\t\t\t<\/li>\n\t\t\t\t\t\t\t\t<li class=\"elementor-icon-list-item\">\n\t\t\t\t\t\t\t\t\t\t\t<span class=\"elementor-icon-list-icon\">\n\t\t\t\t\t\t\t<i aria-hidden=\"true\" class=\"fas fa-dot-circle\"><\/i>\t\t\t\t\t\t<\/span>\n\t\t\t\t\t\t\t\t\t\t<span class=\"elementor-icon-list-text\">Branko Kurnjek<\/span>\n\t\t\t\t\t\t\t\t\t<\/li>\n\t\t\t\t\t\t\t\t<li class=\"elementor-icon-list-item\">\n\t\t\t\t\t\t\t\t\t\t\t<span class=\"elementor-icon-list-icon\">\n\t\t\t\t\t\t\t<i aria-hidden=\"true\" class=\"fas fa-dot-circle\"><\/i>\t\t\t\t\t\t<\/span>\n\t\t\t\t\t\t\t\t\t\t<span class=\"elementor-icon-list-text\">Alenka Resman<\/span>\n\t\t\t\t\t\t\t\t\t<\/li>\n\t\t\t\t\t\t\t\t<li class=\"elementor-icon-list-item\">\n\t\t\t\t\t\t\t\t\t\t\t<span class=\"elementor-icon-list-icon\">\n\t\t\t\t\t\t\t<i aria-hidden=\"true\" class=\"fas fa-dot-circle\"><\/i>\t\t\t\t\t\t<\/span>\n\t\t\t\t\t\t\t\t\t\t<span class=\"elementor-icon-list-text\">Mag. Jure Sande<\/span>\n\t\t\t\t\t\t\t\t\t<\/li>\n\t\t\t\t\t\t<\/ul>\n\t\t\t\t\t\t<\/div>\n\t\t\t\t<\/div>\n\t\t\t\t\t<\/div>\n\t\t<\/div>\n\t\t\t\t\t<\/div>\n\t\t<\/section>\n\t\t\t\t<\/div>\n\t\t","protected":false},"excerpt":{"rendered":"<p>Program Committee Dr. Ema Dornik (president) Mag. Davor Bra\u010dko Breda Emer\u0161i\u010d Branko Kurnjek Romana Muhvi\u010d \u0160umandl Miran Petek Domen \u0160etar Davor \u0160o\u0161tari\u010d Tanja Tur\u0161ek Tatjana \u017dnidarec Organising Committee Breda Emer\u0161i\u010d (president) Mag. Metka Bakan Toplak Bo\u0161tjan Bati\u010d Mag. Davor Bra\u010dko Petra Bridges Miha Daj\u010dman Marko Kralj Branko Kurnjek Alenka Resman Mag. Jure Sande<\/p>\n","protected":false},"author":2,"featured_media":0,"parent":0,"menu_order":0,"comment_status":"closed","ping_status":"closed","template":"","meta":{"footnotes":""},"class_list":["post-5040","page","type-page","status-publish","hentry"],"yoast_head":"<!-- This site is optimized with the Yoast SEO plugin v26.8 - https:\/\/yoast.com\/product\/yoast-seo-wordpress\/ -->\n<title>Board - Konferenca Cobiss 2022<\/title>\n<meta name=\"robots\" content=\"index, follow, max-snippet:-1, max-image-preview:large, max-video-preview:-1\" \/>\n<link rel=\"canonical\" href=\"https:\/\/conference.cobiss.net\/conf2022\/index.php\/en\/board\/\" \/>\n<meta property=\"og:locale\" content=\"en_GB\" \/>\n<meta property=\"og:type\" content=\"article\" \/>\n<meta property=\"og:title\" content=\"Board - Konferenca Cobiss 2022\" \/>\n<meta property=\"og:description\" content=\"Program Committee Dr. Ema Dornik (president) Mag. Davor Bra\u010dko Breda Emer\u0161i\u010d Branko Kurnjek Romana Muhvi\u010d \u0160umandl Miran Petek Domen \u0160etar Davor \u0160o\u0161tari\u010d Tanja Tur\u0161ek Tatjana \u017dnidarec Organising Committee Breda Emer\u0161i\u010d (president) Mag. Metka Bakan Toplak Bo\u0161tjan Bati\u010d Mag. Davor Bra\u010dko Petra Bridges Miha Daj\u010dman Marko Kralj Branko Kurnjek Alenka Resman Mag. Jure Sande\" \/>\n<meta property=\"og:url\" content=\"https:\/\/conference.cobiss.net\/conf2022\/index.php\/en\/board\/\" \/>\n<meta property=\"og:site_name\" content=\"Konferenca Cobiss 2022\" \/>\n<meta property=\"article:publisher\" content=\"https:\/\/www.facebook.com\/COBISS.SI\/\" \/>\n<meta property=\"article:modified_time\" content=\"2022-08-11T11:21:30+00:00\" \/>\n<meta name=\"twitter:card\" content=\"summary_large_image\" \/>\n<meta name=\"twitter:site\" content=\"@cobissnet\" \/>\n<meta name=\"twitter:label1\" content=\"Estimated reading time\" \/>\n\t<meta name=\"twitter:data1\" content=\"1 minute\" \/>\n<script type=\"application\/ld+json\" class=\"yoast-schema-graph\">{\"@context\":\"https:\/\/schema.org\",\"@graph\":[{\"@type\":\"WebPage\",\"@id\":\"https:\/\/conference.cobiss.net\/conf2022\/index.php\/en\/board\/\",\"url\":\"https:\/\/conference.cobiss.net\/conf2022\/index.php\/en\/board\/\",\"name\":\"Board - Konferenca Cobiss 2022\",\"isPartOf\":{\"@id\":\"https:\/\/conference.cobiss.net\/conf2022\/#website\"},\"datePublished\":\"2022-06-24T05:55:24+00:00\",\"dateModified\":\"2022-08-11T11:21:30+00:00\",\"breadcrumb\":{\"@id\":\"https:\/\/conference.cobiss.net\/conf2022\/index.php\/en\/board\/#breadcrumb\"},\"inLanguage\":\"en-GB\",\"potentialAction\":[{\"@type\":\"ReadAction\",\"target\":[\"https:\/\/conference.cobiss.net\/conf2022\/index.php\/en\/board\/\"]}]},{\"@type\":\"BreadcrumbList\",\"@id\":\"https:\/\/conference.cobiss.net\/conf2022\/index.php\/en\/board\/#breadcrumb\",\"itemListElement\":[{\"@type\":\"ListItem\",\"position\":1,\"name\":\"Home\",\"item\":\"https:\/\/conference.cobiss.net\/conf2022\/\"},{\"@type\":\"ListItem\",\"position\":2,\"name\":\"Board\"}]},{\"@type\":\"WebSite\",\"@id\":\"https:\/\/conference.cobiss.net\/conf2022\/#website\",\"url\":\"https:\/\/conference.cobiss.net\/conf2022\/\",\"name\":\"Konferenca Cobiss 2022\",\"description\":\"\",\"publisher\":{\"@id\":\"https:\/\/conference.cobiss.net\/conf2022\/#organization\"},\"potentialAction\":[{\"@type\":\"SearchAction\",\"target\":{\"@type\":\"EntryPoint\",\"urlTemplate\":\"https:\/\/conference.cobiss.net\/conf2022\/?s={search_term_string}\"},\"query-input\":{\"@type\":\"PropertyValueSpecification\",\"valueRequired\":true,\"valueName\":\"search_term_string\"}}],\"inLanguage\":\"en-GB\"},{\"@type\":\"Organization\",\"@id\":\"https:\/\/conference.cobiss.net\/conf2022\/#organization\",\"name\":\"Conference Cobiss 2022\",\"url\":\"https:\/\/conference.cobiss.net\/conf2022\/\",\"logo\":{\"@type\":\"ImageObject\",\"inLanguage\":\"en-GB\",\"@id\":\"https:\/\/conference.cobiss.net\/conf2022\/#\/schema\/logo\/image\/\",\"url\":\"https:\/\/conference.cobiss.net\/conf2022\/conf2022\/wp-content\/uploads\/2022\/04\/cobiss-logo.png\",\"contentUrl\":\"https:\/\/conference.cobiss.net\/conf2022\/conf2022\/wp-content\/uploads\/2022\/04\/cobiss-logo.png\",\"width\":192,\"height\":72,\"caption\":\"Conference Cobiss 2022\"},\"image\":{\"@id\":\"https:\/\/conference.cobiss.net\/conf2022\/#\/schema\/logo\/image\/\"},\"sameAs\":[\"https:\/\/www.facebook.com\/COBISS.SI\/\",\"https:\/\/x.com\/cobissnet\"]}]}<\/script>\n<!-- \/ Yoast SEO plugin. -->","yoast_head_json":{"title":"Board - Konferenca Cobiss 2022","robots":{"index":"index","follow":"follow","max-snippet":"max-snippet:-1","max-image-preview":"max-image-preview:large","max-video-preview":"max-video-preview:-1"},"canonical":"https:\/\/conference.cobiss.net\/conf2022\/index.php\/en\/board\/","og_locale":"en_GB","og_type":"article","og_title":"Board - Konferenca Cobiss 2022","og_description":"Program Committee Dr. Ema Dornik (president) Mag. Davor Bra\u010dko Breda Emer\u0161i\u010d Branko Kurnjek Romana Muhvi\u010d \u0160umandl Miran Petek Domen \u0160etar Davor \u0160o\u0161tari\u010d Tanja Tur\u0161ek Tatjana \u017dnidarec Organising Committee Breda Emer\u0161i\u010d (president) Mag. Metka Bakan Toplak Bo\u0161tjan Bati\u010d Mag. Davor Bra\u010dko Petra Bridges Miha Daj\u010dman Marko Kralj Branko Kurnjek Alenka Resman Mag. Jure Sande","og_url":"https:\/\/conference.cobiss.net\/conf2022\/index.php\/en\/board\/","og_site_name":"Konferenca Cobiss 2022","article_publisher":"https:\/\/www.facebook.com\/COBISS.SI\/","article_modified_time":"2022-08-11T11:21:30+00:00","twitter_card":"summary_large_image","twitter_site":"@cobissnet","twitter_misc":{"Estimated reading time":"1 minute"},"schema":{"@context":"https:\/\/schema.org","@graph":[{"@type":"WebPage","@id":"https:\/\/conference.cobiss.net\/conf2022\/index.php\/en\/board\/","url":"https:\/\/conference.cobiss.net\/conf2022\/index.php\/en\/board\/","name":"Board - Konferenca Cobiss 2022","isPartOf":{"@id":"https:\/\/conference.cobiss.net\/conf2022\/#website"},"datePublished":"2022-06-24T05:55:24+00:00","dateModified":"2022-08-11T11:21:30+00:00","breadcrumb":{"@id":"https:\/\/conference.cobiss.net\/conf2022\/index.php\/en\/board\/#breadcrumb"},"inLanguage":"en-GB","potentialAction":[{"@type":"ReadAction","target":["https:\/\/conference.cobiss.net\/conf2022\/index.php\/en\/board\/"]}]},{"@type":"BreadcrumbList","@id":"https:\/\/conference.cobiss.net\/conf2022\/index.php\/en\/board\/#breadcrumb","itemListElement":[{"@type":"ListItem","position":1,"name":"Home","item":"https:\/\/conference.cobiss.net\/conf2022\/"},{"@type":"ListItem","position":2,"name":"Board"}]},{"@type":"WebSite","@id":"https:\/\/conference.cobiss.net\/conf2022\/#website","url":"https:\/\/conference.cobiss.net\/conf2022\/","name":"Konferenca Cobiss 2022","description":"","publisher":{"@id":"https:\/\/conference.cobiss.net\/conf2022\/#organization"},"potentialAction":[{"@type":"SearchAction","target":{"@type":"EntryPoint","urlTemplate":"https:\/\/conference.cobiss.net\/conf2022\/?s={search_term_string}"},"query-input":{"@type":"PropertyValueSpecification","valueRequired":true,"valueName":"search_term_string"}}],"inLanguage":"en-GB"},{"@type":"Organization","@id":"https:\/\/conference.cobiss.net\/conf2022\/#organization","name":"Conference Cobiss 2022","url":"https:\/\/conference.cobiss.net\/conf2022\/","logo":{"@type":"ImageObject","inLanguage":"en-GB","@id":"https:\/\/conference.cobiss.net\/conf2022\/#\/schema\/logo\/image\/","url":"https:\/\/conference.cobiss.net\/conf2022\/conf2022\/wp-content\/uploads\/2022\/04\/cobiss-logo.png","contentUrl":"https:\/\/conference.cobiss.net\/conf2022\/conf2022\/wp-content\/uploads\/2022\/04\/cobiss-logo.png","width":192,"height":72,"caption":"Conference Cobiss 2022"},"image":{"@id":"https:\/\/conference.cobiss.net\/conf2022\/#\/schema\/logo\/image\/"},"sameAs":["https:\/\/www.facebook.com\/COBISS.SI\/","https:\/\/x.com\/cobissnet"]}]}},"_links":{"self":[{"href":"https:\/\/conference.cobiss.net\/conf2022\/index.php\/wp-json\/wp\/v2\/pages\/5040","targetHints":{"allow":["GET"]}}],"collection":[{"href":"https:\/\/conference.cobiss.net\/conf2022\/index.php\/wp-json\/wp\/v2\/pages"}],"about":[{"href":"https:\/\/conference.cobiss.net\/conf2022\/index.php\/wp-json\/wp\/v2\/types\/page"}],"author":[{"embeddable":true,"href":"https:\/\/conference.cobiss.net\/conf2022\/index.php\/wp-json\/wp\/v2\/users\/2"}],"replies":[{"embeddable":true,"href":"https:\/\/conference.cobiss.net\/conf2022\/index.php\/wp-json\/wp\/v2\/comments?post=5040"}],"version-history":[{"count":10,"href":"https:\/\/conference.cobiss.net\/conf2022\/index.php\/wp-json\/wp\/v2\/pages\/5040\/revisions"}],"predecessor-version":[{"id":5329,"href":"https:\/\/conference.cobiss.net\/conf2022\/index.php\/wp-json\/wp\/v2\/pages\/5040\/revisions\/5329"}],"wp:attachment":[{"href":"https:\/\/conference.cobiss.net\/conf2022\/index.php\/wp-json\/wp\/v2\/media?parent=5040"}],"curies":[{"name":"wp","href":"https:\/\/api.w.org\/{rel}","templated":true}]}}